{"id":1383,"date":"2017-02-17T09:25:09","date_gmt":"2017-02-17T08:25:09","guid":{"rendered":"https:\/\/www.phoenixrelocationgroup.com\/web-policy-privacy\/"},"modified":"2025-02-28T17:06:16","modified_gmt":"2025-02-28T16:06:16","slug":"cookies","status":"publish","type":"page","link":"https:\/\/www.phoenixrelocationgroup.com\/fr\/cookies\/","title":{"rendered":"Cookies"},"content":{"rendered":"<h2>Politique en mati\u00e8re de cookies<\/h2>\n<p>Ces informations, conform\u00e9ment \u00e0 l&rsquo;art. 13 du RGPD \u2013 R\u00e8glement UE 2016\/679 et art. 122 Le d\u00e9cret l\u00e9gislatif 196\/2003 (ci-apr\u00e8s \u00ab Code de confidentialit\u00e9 \u00bb) d\u00e9crit les m\u00e9thodes de gestion de ce site Web appartenant \u00e0 <strong>PHOENIX RELOCATION GROUP SRL<\/strong> en r\u00e9f\u00e9rence au traitement des donn\u00e9es personnelles des utilisateurs qui le consultent, \u00e9galement conform\u00e9ment aux dispositions de la Disposition du Garant de la confidentialit\u00e9. du 10.6.2021 \u00ab Directives relatives aux cookies et autres outils de suivi \u00bb (ci-apr\u00e8s \u00ab Disposition \u00bb).<\/p>\n<p>Les informations sont fournies uniquement pour le site mentionn\u00e9 ci-dessus et non pour d&rsquo;autres sites Web ou sections\/pages\/espaces appartenant \u00e0 des tiers qui pourraient \u00eatre consult\u00e9s par l&rsquo;utilisateur via des liens sp\u00e9cifiques pr\u00e9sents dans celui-ci.<\/p>\n<p><strong>1. COOKIES ET LEUR CLASSIFICATION<\/strong><\/p>\n<p><strong>1.1. Cookies<\/strong><\/p>\n<p>Que sont les cookies ?<\/p>\n<p>Les cookies sont de petits fichiers texte qui sont envoy\u00e9s du site Web visit\u00e9 par l&rsquo;utilisateur \u00e0 l&rsquo;appareil de l&rsquo;utilisateur (g\u00e9n\u00e9ralement au navigateur), o\u00f9 ils sont stock\u00e9s afin que l&rsquo;appareil puisse \u00eatre reconnu lors de la prochaine visite. En effet, \u00e0 chaque visite ult\u00e9rieure, les cookies sont renvoy\u00e9s depuis l&rsquo;appareil de l&rsquo;utilisateur vers le site.<\/p>\n<p>Chaque cookie contient g\u00e9n\u00e9ralement : le nom du serveur \u00e0 partir duquel le cookie a \u00e9t\u00e9 envoy\u00e9 ; la date d&rsquo;expiration et une valeur, g\u00e9n\u00e9ralement un num\u00e9ro unique g\u00e9n\u00e9r\u00e9 al\u00e9atoirement par l&rsquo;ordinateur. Le serveur du site internet qui transf\u00e8re le cookie utilise ce num\u00e9ro pour vous reconna\u00eetre lorsque vous revenez sur un site ou naviguez d&rsquo;une page \u00e0 une autre.<\/p>\n<p>Les cookies peuvent \u00eatre install\u00e9s non seulement par le m\u00eame gestionnaire du site visit\u00e9 par l&rsquo;utilisateur (cookies de premi\u00e8re partie), mais \u00e9galement par un autre site qui installe des cookies via le premier site (cookies de tiers) et est en mesure de les reconna\u00eetre. Cela se produit parce que le site visit\u00e9 peut contenir<br \/>\n\u00e9l\u00e9ments (images, cartes, sons, liens vers des pages web d&rsquo;autres domaines, etc.) qui r\u00e9sident sur des serveurs autres que celui-l\u00e0<br \/>\ndu site visit\u00e9.<br \/>\nEn fonction de leur finalit\u00e9, les cookies sont divis\u00e9s en cookies techniques et cookies statistiques\/profil\u00e9s.<\/p>\n<p>Les cookies techniques sont ceux utilis\u00e9s dans le seul but \u00ab\u00a0d&rsquo;effectuer la transmission d&rsquo;une communication sur un r\u00e9seau de communications \u00e9lectroniques, ou dans la mesure strictement n\u00e9cessaire au fournisseur d&rsquo;un service de la soci\u00e9t\u00e9 de l&rsquo;information explicitement demand\u00e9 par l&rsquo;abonn\u00e9 ou l&rsquo;utilisateur pour fournir ce service\u00a0\u00bb. (voir art. 122, co. 1, du Code de confidentialit\u00e9). Ces cookies sont notamment g\u00e9n\u00e9ralement utilis\u00e9s pour permettre une navigation efficace entre les pages, stocker les pr\u00e9f\u00e9rences de l&rsquo;utilisateur (langue, pays, etc.), effectuer<br \/>\nauthentification informatique, g\u00e9rer le panier ou autoriser les achats en ligne, etc. Certains de ces cookies (dits essentiels ou strictement n\u00e9cessaires) permettent des fonctions sans lesquelles il ne serait pas possible de r\u00e9aliser certaines op\u00e9rations. Conform\u00e9ment \u00e0 l&rsquo;art. 122, co. 1, du Code de confidentialit\u00e9, l&rsquo;utilisation de cookies techniques ne n\u00e9cessite pas le consentement de l&rsquo;utilisateur.<\/p>\n<p>Les cookies techniques sont assimil\u00e9s aux cookies dits analytiques s&rsquo;ils sont utilis\u00e9s directement par le gestionnaire du site pour collecter des informations globales sur le nombre d&rsquo;utilisateurs et la mani\u00e8re dont ils visitent le site. Ces cookies permettent aux propri\u00e9taires et\/ou gestionnaires de sites Web de comprendre comment les utilisateurs interagissent avec le<br \/>\ncontenu du site dans le but de l&rsquo;optimiser.<\/p>\n<p>Les cookies de profilage, quant \u00e0 eux, sont utilis\u00e9s pour suivre la navigation de l&rsquo;utilisateur, analyser son comportement \u00e0 des fins de marketing et cr\u00e9er des profils sur ses go\u00fbts, habitudes, choix, etc., afin de transmettre des messages publicitaires cibl\u00e9s en relation avec les int\u00e9r\u00eats de l&rsquo;utilisateur. utilisateur et conforme aux pr\u00e9f\u00e9rences exprim\u00e9es par celui-ci lors de la navigation en ligne. Ces cookies ne peuvent \u00eatre install\u00e9s sur le terminal de l&rsquo;utilisateur que si celui-ci a exprim\u00e9 son consentement selon les modalit\u00e9s simplifi\u00e9es indiqu\u00e9es dans la Disposition.<\/p>\n<p>En fonction de leur dur\u00e9e, les cookies se distinguent en cookies persistants, qui restent stock\u00e9s jusqu&rsquo;\u00e0 leur expiration sur l&rsquo;appareil de l&rsquo;utilisateur, \u00e0 moins qu&rsquo;ils ne soient supprim\u00e9s par ce dernier, et en cookies de session, qui ne sont pas stock\u00e9s de mani\u00e8re persistante sur l&rsquo;appareil de l&rsquo;utilisateur et disparaissent \u00e0 la fermeture du navigateur.<\/p>\n<p>Quels cookies sont utilis\u00e9s par ce site ?<\/p>\n<p>Analytique<br \/>\nLes cookies analytiques sont utilis\u00e9s pour comprendre comment les visiteurs interagissent avec le site Web. Ces cookies aident \u00e0 fournir des informations sur les mesures telles que le nombre de visiteurs, le taux de rebond, la source du trafic, etc.<\/p>\n<p>Google&nbsp;Analytics<br \/>\nGoogle&nbsp;Analytics<\/p>\n<p>Nom URL Description Dur\u00e9e<br \/>\n_gat_gtag_UA_157795398_11 .poligraficiborgo.it D\u00e9fini par Google pour distinguer les utilisateurs. 1 minute<br \/>\nN\u00e9cessaire<br \/>\nLes cookies n\u00e9cessaires sont absolument essentiels au bon fonctionnement du site Web. Ces cookies assurent les fonctionnalit\u00e9s de base et les \u00e9l\u00e9ments de s\u00e9curit\u00e9 du site Web, de mani\u00e8re anonyme.<\/p>\n<p>Google<br \/>\nGoogle<\/p>\n<table id=\"table_61c49b1061047\">\n<thead>\n<tr>\n<th>Name<\/th>\n<th>Url<\/th>\n<th>Description<\/th>\n<th>Duration<\/th>\n<\/tr>\n<\/thead>\n<tbody>\n<tr>\n<td>_GRECAPTCHA<\/td>\n<td>.google.com<\/td>\n<td>This cookie is set by the Google recaptcha service to identify bots to protect the website against malicious spam attacks.<\/td>\n<td>5 months 27 days<\/td>\n<\/tr>\n<\/tbody>\n<\/table>\n<p>Dans tous les cas, il convient de noter que les utilisateurs peuvent g\u00e9rer leurs pr\u00e9f\u00e9rences en mati\u00e8re de publicit\u00e9 comportementale en ligne (dite \u00ab publicit\u00e9 comportementale en ligne \u00bb) via le site www.youronlinechoices.com\/it , qui r\u00e9pertorie les principales publicit\u00e9s comportementales en ligne.<\/p>\n<p><em><strong>Comment d\u00e9sactiver\/modifier les cookies ?<\/strong><\/em><\/p>\n<p>Pour modifier les pr\u00e9f\u00e9rences d\u00e9j\u00e0 exprim\u00e9es sur les cookies, il existe sur le site un lien sp\u00e9cifique vers le panneau de configuration pr\u00e9sent en marge des pages ou en pied de page (partie inf\u00e9rieure) du site.<br \/>\nPar d\u00e9faut, presque tous les navigateurs Web sont configur\u00e9s pour accepter automatiquement les cookies. Cependant, vous pouvez modifier cette configuration par d\u00e9faut via les param\u00e8tres de votre navigateur. Cependant, d\u00e9sactiver\/bloquer les cookies ou les supprimer pourrait emp\u00eacher une utilisation optimale de certaines zones du site, emp\u00eacher l&rsquo;utilisation de certains services et ralentir la navigation.<\/p>\n<p>Le param\u00e9trage de la gestion des cookies d\u00e9pend du navigateur utilis\u00e9. G\u00e9n\u00e9ralement, le param\u00e9trage des cookies s&rsquo;effectue depuis le menu \u00ab Pr\u00e9f\u00e9rences \u00bb,<\/p>\n<p>Internet Explorer:&nbsp;<a href=\"http:\/\/support.microsoft.com\/kb\/278835\" target=\"_blank\" rel=\"noopener\">http:\/\/support.microsoft.com\/kb\/278835<\/a><br \/>\nMicrosoft Edge: <a href=\"https:\/\/support.microsoft.com\/it-it\/microsoft-edge\/eliminare-i-cookie-in-microsoft-edge-63947406-40ac-c3b8-57b9-2a946a29ae09\" target=\"_blank\" rel=\"noopener\">https:\/\/support.microsoft.com\/it-it\/microsoft-edge\/eliminare-i-cookie-in-microsoft-edge-63947406-40ac-c3b8-57b9-2a946a29ae09<\/a><br \/>\nChrome:&nbsp;<a href=\"http:\/\/support.google.com\/chrome\/bin\/answer.py?hl=en-GB&amp;answer=95647\" target=\"_blank\" rel=\"noopener\">http:\/\/support.google.com\/chrome\/bin\/answer.py?hl=en-GB&amp;answer=95647<\/a><br \/>\nSafari:&nbsp;<a href=\"https:\/\/support.apple.com\/it-it\/guide\/safari\/sfri11471\/mac\" target=\"_blank\" rel=\"noopener\">https:\/\/support.apple.com\/it-it\/guide\/safari\/sfri11471\/mac<\/a><br \/>\nSafari [versione mobile]:&nbsp;<a href=\"http:\/\/support.apple.com\/kb\/HT1677\" target=\"_blank\" rel=\"noopener\">http:\/\/support.apple.com\/kb\/HT1677<\/a><br \/>\nFirefox:&nbsp;<a href=\"http:\/\/support.mozilla.org\/en-US\/kb\/Enabling%20and%20disabling%20cookies\" target=\"_blank\" rel=\"noopener\">http:\/\/support.mozilla.org\/en-US\/kb\/Enabling%20and%20disabling%20cookies<\/a><\/p>\n<p><strong>2. POLITIQUE DE CONFIDENTIALIT\u00c9 \u00c9TENDU<\/strong><\/p>\n<p><a name=\"_Hlk90393340\"><\/a>Pour plus d&rsquo;informations sur le traitement des donn\u00e9es personnelles effectu\u00e9 par le Responsable du traitement, consultez les informations d\u00e9taill\u00e9es sur le lien \u00ab Politique de confidentialit\u00e9 \u00bb en pied de page (partie inf\u00e9rieure) du site.<\/p>\n","protected":false},"excerpt":{"rendered":"<p>Politique en mati\u00e8re de cookies Ces informations, conform\u00e9ment \u00e0 l&rsquo;art. 13 du RGPD \u2013 R\u00e8glement UE 2016\/679 et art. 122 Le d\u00e9cret l\u00e9gislatif 196\/2003 (ci-apr\u00e8s \u00ab Code de confidentialit\u00e9 \u00bb) d\u00e9crit les m\u00e9thodes de gestion de ce site Web appartenant \u00e0 PHOENIX RELOCATION GROUP SRL en r\u00e9f\u00e9rence au traitement des donn\u00e9es personnelles des utilisateurs qui [&hellip;]<\/p>\n","protected":false},"author":1,"featured_media":0,"parent":0,"menu_order":0,"comment_status":"closed","ping_status":"closed","template":"","meta":{"_et_pb_use_builder":"","_et_pb_old_content":"","_et_gb_content_width":"","ngg_post_thumbnail":0},"yoast_head":"<!-- This site is optimized with the Yoast SEO plugin v19.7.1 - https:\/\/yoast.com\/wordpress\/plugins\/seo\/ -->\n<title>Cookies - Phoenix Relocation Group<\/title>\n<meta name=\"robots\" content=\"index, follow, max-snippet:-1, max-image-preview:large, max-video-preview:-1\" \/>\n<link rel=\"canonical\" href=\"https:\/\/www.phoenixrelocationgroup.com\/fr\/cookies\/\" \/>\n<meta property=\"og:locale\" content=\"fr_FR\" \/>\n<meta property=\"og:type\" content=\"article\" \/>\n<meta property=\"og:title\" content=\"Cookies - Phoenix Relocation Group\" \/>\n<meta property=\"og:description\" content=\"Politique en mati\u00e8re de cookies Ces informations, conform\u00e9ment \u00e0 l&rsquo;art. 13 du RGPD \u2013 R\u00e8glement UE 2016\/679 et art. 122 Le d\u00e9cret l\u00e9gislatif 196\/2003 (ci-apr\u00e8s \u00ab Code de confidentialit\u00e9 \u00bb) d\u00e9crit les m\u00e9thodes de gestion de ce site Web appartenant \u00e0 PHOENIX RELOCATION GROUP SRL en r\u00e9f\u00e9rence au traitement des donn\u00e9es personnelles des utilisateurs qui [&hellip;]\" \/>\n<meta property=\"og:url\" content=\"https:\/\/www.phoenixrelocationgroup.com\/fr\/cookies\/\" \/>\n<meta property=\"og:site_name\" content=\"Phoenix Relocation Group\" \/>\n<meta property=\"article:modified_time\" content=\"2025-02-28T16:06:16+00:00\" \/>\n<meta name=\"twitter:card\" content=\"summary_large_image\" \/>\n<meta name=\"twitter:label1\" content=\"Dur\u00e9e de lecture estim\u00e9e\" \/>\n\t<meta name=\"twitter:data1\" content=\"6 minutes\" \/>\n<script type=\"application\/ld+json\" class=\"yoast-schema-graph\">{\"@context\":\"https:\/\/schema.org\",\"@graph\":[{\"@type\":\"WebPage\",\"@id\":\"https:\/\/www.phoenixrelocationgroup.com\/fr\/cookies\/\",\"url\":\"https:\/\/www.phoenixrelocationgroup.com\/fr\/cookies\/\",\"name\":\"Cookies - Phoenix Relocation Group\",\"isPartOf\":{\"@id\":\"https:\/\/www.phoenixrelocationgroup.com\/#website\"},\"datePublished\":\"2017-02-17T08:25:09+00:00\",\"dateModified\":\"2025-02-28T16:06:16+00:00\",\"breadcrumb\":{\"@id\":\"https:\/\/www.phoenixrelocationgroup.com\/fr\/cookies\/#breadcrumb\"},\"inLanguage\":\"fr-FR\",\"potentialAction\":[{\"@type\":\"ReadAction\",\"target\":[\"https:\/\/www.phoenixrelocationgroup.com\/fr\/cookies\/\"]}]},{\"@type\":\"BreadcrumbList\",\"@id\":\"https:\/\/www.phoenixrelocationgroup.com\/fr\/cookies\/#breadcrumb\",\"itemListElement\":[{\"@type\":\"ListItem\",\"position\":1,\"name\":\"Home\",\"item\":\"https:\/\/www.phoenixrelocationgroup.com\/fr\/\"},{\"@type\":\"ListItem\",\"position\":2,\"name\":\"Cookies\"}]},{\"@type\":\"WebSite\",\"@id\":\"https:\/\/www.phoenixrelocationgroup.com\/#website\",\"url\":\"https:\/\/www.phoenixrelocationgroup.com\/\",\"name\":\"Phoenix Relocation Group\",\"description\":\"\",\"publisher\":{\"@id\":\"https:\/\/www.phoenixrelocationgroup.com\/#organization\"},\"potentialAction\":[{\"@type\":\"SearchAction\",\"target\":{\"@type\":\"EntryPoint\",\"urlTemplate\":\"https:\/\/www.phoenixrelocationgroup.com\/?s={search_term_string}\"},\"query-input\":\"required name=search_term_string\"}],\"inLanguage\":\"fr-FR\"},{\"@type\":\"Organization\",\"@id\":\"https:\/\/www.phoenixrelocationgroup.com\/#organization\",\"name\":\"Phoenix Relocation Group\",\"url\":\"https:\/\/www.phoenixrelocationgroup.com\/\",\"sameAs\":[],\"logo\":{\"@type\":\"ImageObject\",\"inLanguage\":\"fr-FR\",\"@id\":\"https:\/\/www.phoenixrelocationgroup.com\/#\/schema\/logo\/image\/\",\"url\":\"https:\/\/www.phoenixrelocationgroup.com\/wp-content\/uploads\/2022\/07\/logoheader.png\",\"contentUrl\":\"https:\/\/www.phoenixrelocationgroup.com\/wp-content\/uploads\/2022\/07\/logoheader.png\",\"width\":320,\"height\":177,\"caption\":\"Phoenix Relocation Group\"},\"image\":{\"@id\":\"https:\/\/www.phoenixrelocationgroup.com\/#\/schema\/logo\/image\/\"}}]}<\/script>\n<!-- \/ Yoast SEO plugin. -->","yoast_head_json":{"title":"Cookies - Phoenix Relocation Group","robots":{"index":"index","follow":"follow","max-snippet":"max-snippet:-1","max-image-preview":"max-image-preview:large","max-video-preview":"max-video-preview:-1"},"canonical":"https:\/\/www.phoenixrelocationgroup.com\/fr\/cookies\/","og_locale":"fr_FR","og_type":"article","og_title":"Cookies - Phoenix Relocation Group","og_description":"Politique en mati\u00e8re de cookies Ces informations, conform\u00e9ment \u00e0 l&rsquo;art. 13 du RGPD \u2013 R\u00e8glement UE 2016\/679 et art. 122 Le d\u00e9cret l\u00e9gislatif 196\/2003 (ci-apr\u00e8s \u00ab Code de confidentialit\u00e9 \u00bb) d\u00e9crit les m\u00e9thodes de gestion de ce site Web appartenant \u00e0 PHOENIX RELOCATION GROUP SRL en r\u00e9f\u00e9rence au traitement des donn\u00e9es personnelles des utilisateurs qui [&hellip;]","og_url":"https:\/\/www.phoenixrelocationgroup.com\/fr\/cookies\/","og_site_name":"Phoenix Relocation Group","article_modified_time":"2025-02-28T16:06:16+00:00","twitter_card":"summary_large_image","twitter_misc":{"Dur\u00e9e de lecture estim\u00e9e":"6 minutes"},"schema":{"@context":"https:\/\/schema.org","@graph":[{"@type":"WebPage","@id":"https:\/\/www.phoenixrelocationgroup.com\/fr\/cookies\/","url":"https:\/\/www.phoenixrelocationgroup.com\/fr\/cookies\/","name":"Cookies - Phoenix Relocation Group","isPartOf":{"@id":"https:\/\/www.phoenixrelocationgroup.com\/#website"},"datePublished":"2017-02-17T08:25:09+00:00","dateModified":"2025-02-28T16:06:16+00:00","breadcrumb":{"@id":"https:\/\/www.phoenixrelocationgroup.com\/fr\/cookies\/#breadcrumb"},"inLanguage":"fr-FR","potentialAction":[{"@type":"ReadAction","target":["https:\/\/www.phoenixrelocationgroup.com\/fr\/cookies\/"]}]},{"@type":"BreadcrumbList","@id":"https:\/\/www.phoenixrelocationgroup.com\/fr\/cookies\/#breadcrumb","itemListElement":[{"@type":"ListItem","position":1,"name":"Home","item":"https:\/\/www.phoenixrelocationgroup.com\/fr\/"},{"@type":"ListItem","position":2,"name":"Cookies"}]},{"@type":"WebSite","@id":"https:\/\/www.phoenixrelocationgroup.com\/#website","url":"https:\/\/www.phoenixrelocationgroup.com\/","name":"Phoenix Relocation Group","description":"","publisher":{"@id":"https:\/\/www.phoenixrelocationgroup.com\/#organization"},"potentialAction":[{"@type":"SearchAction","target":{"@type":"EntryPoint","urlTemplate":"https:\/\/www.phoenixrelocationgroup.com\/?s={search_term_string}"},"query-input":"required name=search_term_string"}],"inLanguage":"fr-FR"},{"@type":"Organization","@id":"https:\/\/www.phoenixrelocationgroup.com\/#organization","name":"Phoenix Relocation Group","url":"https:\/\/www.phoenixrelocationgroup.com\/","sameAs":[],"logo":{"@type":"ImageObject","inLanguage":"fr-FR","@id":"https:\/\/www.phoenixrelocationgroup.com\/#\/schema\/logo\/image\/","url":"https:\/\/www.phoenixrelocationgroup.com\/wp-content\/uploads\/2022\/07\/logoheader.png","contentUrl":"https:\/\/www.phoenixrelocationgroup.com\/wp-content\/uploads\/2022\/07\/logoheader.png","width":320,"height":177,"caption":"Phoenix Relocation Group"},"image":{"@id":"https:\/\/www.phoenixrelocationgroup.com\/#\/schema\/logo\/image\/"}}]}},"_links":{"self":[{"href":"https:\/\/www.phoenixrelocationgroup.com\/fr\/wp-json\/wp\/v2\/pages\/1383"}],"collection":[{"href":"https:\/\/www.phoenixrelocationgroup.com\/fr\/wp-json\/wp\/v2\/pages"}],"about":[{"href":"https:\/\/www.phoenixrelocationgroup.com\/fr\/wp-json\/wp\/v2\/types\/page"}],"author":[{"embeddable":true,"href":"https:\/\/www.phoenixrelocationgroup.com\/fr\/wp-json\/wp\/v2\/users\/1"}],"replies":[{"embeddable":true,"href":"https:\/\/www.phoenixrelocationgroup.com\/fr\/wp-json\/wp\/v2\/comments?post=1383"}],"version-history":[{"count":2,"href":"https:\/\/www.phoenixrelocationgroup.com\/fr\/wp-json\/wp\/v2\/pages\/1383\/revisions"}],"predecessor-version":[{"id":1519,"href":"https:\/\/www.phoenixrelocationgroup.com\/fr\/wp-json\/wp\/v2\/pages\/1383\/revisions\/1519"}],"wp:attachment":[{"href":"https:\/\/www.phoenixrelocationgroup.com\/fr\/wp-json\/wp\/v2\/media?parent=1383"}],"curies":[{"name":"wp","href":"https:\/\/api.w.org\/{rel}","templated":true}]}}